{"id":1355,"date":"2026-03-19T21:52:49","date_gmt":"2026-03-19T21:52:49","guid":{"rendered":"https:\/\/www.sinercon.eu\/?page_id=1355"},"modified":"2026-04-22T14:33:32","modified_gmt":"2026-04-22T14:33:32","slug":"maxibox","status":"publish","type":"page","link":"https:\/\/www.sinercon.eu\/index.php\/pallettizzazione-automatica\/maxibox\/","title":{"rendered":"Maxibox"},"content":{"rendered":"\t\t<div data-elementor-type=\"wp-page\" data-elementor-id=\"1355\" class=\"elementor elementor-1355\" data-elementor-post-type=\"page\">\n\t\t\t\t<div class=\"elementor-element elementor-element-b5a8b96 e-con-full e-flex e-con e-parent\" data-id=\"b5a8b96\" data-element_type=\"container\" data-e-type=\"container\" data-settings=\"{&quot;background_background&quot;:&quot;slideshow&quot;,&quot;background_slideshow_gallery&quot;:[{&quot;id&quot;:1305,&quot;url&quot;:&quot;https:\\\/\\\/www.sinercon.eu\\\/wp-content\\\/uploads\\\/2026\\\/03\\\/Copertina-per-Pallettizzazione-automatica.jpg&quot;}],&quot;background_slideshow_loop&quot;:&quot;yes&quot;,&quot;background_slideshow_slide_duration&quot;:5000,&quot;background_slideshow_slide_transition&quot;:&quot;fade&quot;,&quot;background_slideshow_transition_duration&quot;:500}\">\n\t\t<div class=\"elementor-element elementor-element-947a96f e-flex e-con-boxed e-con e-child\" data-id=\"947a96f\" data-element_type=\"container\" data-e-type=\"container\">\n\t\t\t\t\t<div class=\"e-con-inner\">\n\t\t<div class=\"elementor-element elementor-element-3666bca e-con-full e-flex e-con e-child\" data-id=\"3666bca\" data-element_type=\"container\" data-e-type=\"container\">\n\t\t\t\t<div class=\"elementor-element elementor-element-1a04b6f elementor-view-default elementor-invisible elementor-widget elementor-widget-icon\" data-id=\"1a04b6f\" data-element_type=\"widget\" data-e-type=\"widget\" data-settings=\"{&quot;_animation&quot;:&quot;fadeInUp&quot;}\" data-widget_type=\"icon.default\">\n\t\t\t\t\t\t\t<div class=\"elementor-icon-wrapper\">\n\t\t\t<div class=\"elementor-icon\">\n\t\t\t<svg xmlns=\"http:\/\/www.w3.org\/2000\/svg\" fill=\"#000000\" width=\"800px\" height=\"800px\" viewBox=\"0 0 16 16\" id=\"arrow-right-16px\"><path id=\"Path_171\" data-name=\"Path 171\" d=\"M35.962,8.691a.505.505,0,0,0,0-.382.518.518,0,0,0-.109-.163l-7.5-7.5a.5.5,0,0,0-.708.708L34.293,8H20.5a.5.5,0,0,0,0,1H34.293l-6.647,6.646a.5.5,0,0,0,.708.708l7.5-7.5A.518.518,0,0,0,35.962,8.691Z\" transform=\"translate(-20 -0.5)\"><\/path><\/svg>\t\t\t<\/div>\n\t\t<\/div>\n\t\t\t\t\t\t<\/div>\n\t\t\t\t<div class=\"elementor-element elementor-element-c2168dc elementor-widget__width-initial elementor-invisible elementor-widget elementor-widget-heading\" data-id=\"c2168dc\" data-element_type=\"widget\" data-e-type=\"widget\" data-settings=\"{&quot;_animation&quot;:&quot;fadeInUp&quot;}\" data-widget_type=\"heading.default\">\n\t\t\t\t\t<h1 class=\"elementor-heading-title elementor-size-default\">Maxibox<\/h1>\t\t\t\t<\/div>\n\t\t\t\t<\/div>\n\t\t<div class=\"elementor-element elementor-element-6cf9477 e-con-full e-flex e-con e-child\" data-id=\"6cf9477\" data-element_type=\"container\" data-e-type=\"container\">\n\t\t\t\t<div class=\"elementor-element elementor-element-46a1b2d elementor-hidden-desktop elementor-hidden-tablet elementor-hidden-mobile elementor-invisible elementor-widget elementor-widget-heading\" data-id=\"46a1b2d\" data-element_type=\"widget\" data-e-type=\"widget\" data-settings=\"{&quot;_animation&quot;:&quot;fadeInUp&quot;}\" data-widget_type=\"heading.default\">\n\t\t\t\t\t<p class=\"elementor-heading-title elementor-size-default\">Soluzioni di pallettizzazione modulari e versatili, ideali per una vasta gamma di prodotti, con prestazioni elevate e integrazione perfetta nei sistemi produttivi.\n\n<\/p>\t\t\t\t<\/div>\n\t\t\t\t<\/div>\n\t\t\t\t\t<\/div>\n\t\t\t\t<\/div>\n\t\t\t\t<\/div>\n\t\t<div class=\"elementor-element elementor-element-4b00015f e-flex e-con-boxed e-con e-parent\" data-id=\"4b00015f\" data-element_type=\"container\" data-e-type=\"container\" data-settings=\"{&quot;background_background&quot;:&quot;classic&quot;,&quot;shape_divider_top&quot;:&quot;tilt&quot;}\">\n\t\t\t\t\t<div class=\"e-con-inner\">\n\t\t\t\t<div class=\"elementor-shape elementor-shape-top\" aria-hidden=\"true\" data-negative=\"false\">\n\t\t\t<svg xmlns=\"http:\/\/www.w3.org\/2000\/svg\" viewBox=\"0 0 1000 100\" preserveAspectRatio=\"none\">\n\t<path class=\"elementor-shape-fill\" d=\"M0,6V0h1000v100L0,6z\"\/>\n<\/svg>\t\t<\/div>\n\t\t<div class=\"elementor-element elementor-element-16d37efc e-con-full e-flex e-con e-child\" data-id=\"16d37efc\" data-element_type=\"container\" data-e-type=\"container\">\n\t\t<div class=\"elementor-element elementor-element-30924d65 e-flex e-con-boxed e-con e-child\" data-id=\"30924d65\" data-element_type=\"container\" data-e-type=\"container\">\n\t\t\t\t\t<div class=\"e-con-inner\">\n\t\t\t\t<div class=\"elementor-element elementor-element-6765f6b7 elementor-invisible elementor-widget elementor-widget-image\" data-id=\"6765f6b7\" data-element_type=\"widget\" data-e-type=\"widget\" data-settings=\"{&quot;motion_fx_motion_fx_scrolling&quot;:&quot;yes&quot;,&quot;motion_fx_translateY_effect&quot;:&quot;yes&quot;,&quot;motion_fx_translateY_speed&quot;:{&quot;unit&quot;:&quot;px&quot;,&quot;size&quot;:&quot;2&quot;,&quot;sizes&quot;:[]},&quot;motion_fx_devices&quot;:[&quot;desktop&quot;],&quot;_animation&quot;:&quot;fadeIn&quot;,&quot;motion_fx_translateY_affectedRange&quot;:{&quot;unit&quot;:&quot;%&quot;,&quot;size&quot;:&quot;&quot;,&quot;sizes&quot;:{&quot;start&quot;:0,&quot;end&quot;:100}}}\" data-widget_type=\"image.default\">\n\t\t\t\t\t\t\t\t\t\t\t\t\t\t\t<img fetchpriority=\"high\" decoding=\"async\" width=\"750\" height=\"422\" src=\"https:\/\/www.sinercon.eu\/wp-content\/uploads\/2026\/03\/maxibox-1.jpg\" class=\"attachment-full size-full wp-image-1723\" alt=\"\" srcset=\"https:\/\/www.sinercon.eu\/wp-content\/uploads\/2026\/03\/maxibox-1.jpg 750w, https:\/\/www.sinercon.eu\/wp-content\/uploads\/2026\/03\/maxibox-1-300x169.jpg 300w\" sizes=\"(max-width: 750px) 100vw, 750px\" \/>\t\t\t\t\t\t\t\t\t\t\t\t\t\t\t<\/div>\n\t\t\t\t\t<\/div>\n\t\t\t\t<\/div>\n\t\t<div class=\"elementor-element elementor-element-accfe25 e-con-full e-flex e-con e-child\" data-id=\"accfe25\" data-element_type=\"container\" data-e-type=\"container\">\n\t\t<div class=\"elementor-element elementor-element-87c85fd e-con-full e-flex e-con e-child\" data-id=\"87c85fd\" data-element_type=\"container\" data-e-type=\"container\">\n\t\t\t\t<div class=\"elementor-element elementor-element-1330bdb elementor-widget elementor-widget-image\" data-id=\"1330bdb\" data-element_type=\"widget\" data-e-type=\"widget\" data-widget_type=\"image.default\">\n\t\t\t\t\t\t\t\t\t\t\t\t\t\t\t<img decoding=\"async\" width=\"750\" height=\"512\" src=\"https:\/\/www.sinercon.eu\/wp-content\/uploads\/2026\/03\/maxibox-2.jpg\" class=\"attachment-large size-large wp-image-1925\" alt=\"\" srcset=\"https:\/\/www.sinercon.eu\/wp-content\/uploads\/2026\/03\/maxibox-2.jpg 750w, https:\/\/www.sinercon.eu\/wp-content\/uploads\/2026\/03\/maxibox-2-300x205.jpg 300w\" sizes=\"(max-width: 750px) 100vw, 750px\" \/>\t\t\t\t\t\t\t\t\t\t\t\t\t\t\t<\/div>\n\t\t\t\t<div class=\"elementor-element elementor-element-8c143af elementor-widget elementor-widget-image\" data-id=\"8c143af\" data-element_type=\"widget\" data-e-type=\"widget\" data-widget_type=\"image.default\">\n\t\t\t\t\t\t\t\t\t\t\t\t\t\t\t<img decoding=\"async\" width=\"750\" height=\"512\" src=\"https:\/\/www.sinercon.eu\/wp-content\/uploads\/2026\/04\/Maxibox-imm3.jpg\" class=\"attachment-large size-large wp-image-2441\" alt=\"\" srcset=\"https:\/\/www.sinercon.eu\/wp-content\/uploads\/2026\/04\/Maxibox-imm3.jpg 750w, https:\/\/www.sinercon.eu\/wp-content\/uploads\/2026\/04\/Maxibox-imm3-300x205.jpg 300w\" sizes=\"(max-width: 750px) 100vw, 750px\" \/>\t\t\t\t\t\t\t\t\t\t\t\t\t\t\t<\/div>\n\t\t\t\t<\/div>\n\t\t<div class=\"elementor-element elementor-element-b32d6e0 e-con-full elementor-hidden-desktop elementor-hidden-tablet elementor-hidden-mobile e-flex e-con e-child\" data-id=\"b32d6e0\" data-element_type=\"container\" data-e-type=\"container\" data-settings=\"{&quot;background_background&quot;:&quot;classic&quot;}\">\n\t\t\t\t<div class=\"elementor-element elementor-element-5e5deda elementor-widget elementor-widget-heading\" data-id=\"5e5deda\" data-element_type=\"widget\" data-e-type=\"widget\" data-widget_type=\"heading.default\">\n\t\t\t\t\t<h5 class=\"elementor-heading-title elementor-size-default\">CONFIGURAZIONE:<\/h5>\t\t\t\t<\/div>\n\t\t\t\t<div class=\"elementor-element elementor-element-0059b3a elementor-widget elementor-widget-heading\" data-id=\"0059b3a\" data-element_type=\"widget\" data-e-type=\"widget\" data-widget_type=\"heading.default\">\n\t\t\t\t\t<p class=\"elementor-heading-title elementor-size-default\">Corpo macchina monoblocco\nMagazzino intercalari: max 32 pezzi\nNastro di raccolta<\/p>\t\t\t\t<\/div>\n\t\t\t\t<div class=\"elementor-element elementor-element-2a2d62c elementor-widget elementor-widget-heading\" data-id=\"2a2d62c\" data-element_type=\"widget\" data-e-type=\"widget\" data-widget_type=\"heading.default\">\n\t\t\t\t\t<h5 class=\"elementor-heading-title elementor-size-default\">PRESTAZIONI:<\/h5>\t\t\t\t<\/div>\n\t\t\t\t<div class=\"elementor-element elementor-element-a987aa8 elementor-widget elementor-widget-heading\" data-id=\"a987aa8\" data-element_type=\"widget\" data-e-type=\"widget\" data-widget_type=\"heading.default\">\n\t\t\t\t\t<p class=\"elementor-heading-title elementor-size-default\">Produttivit\u00e0 massima: 60.000 uova all\u2019ora\nRendimento: 98%<\/p>\t\t\t\t<\/div>\n\t\t\t\t<div class=\"elementor-element elementor-element-3177284 elementor-widget elementor-widget-heading\" data-id=\"3177284\" data-element_type=\"widget\" data-e-type=\"widget\" data-widget_type=\"heading.default\">\n\t\t\t\t\t<h5 class=\"elementor-heading-title elementor-size-default\">PRESTAZIONI:<\/h5>\t\t\t\t<\/div>\n\t\t\t\t<div class=\"elementor-element elementor-element-b347c6f elementor-widget elementor-widget-text-editor\" data-id=\"b347c6f\" data-element_type=\"widget\" data-e-type=\"widget\" data-widget_type=\"text-editor.default\">\n\t\t\t\t\t\t\t\t\t<p>Dimensioni: <strong>1950x2750x2600 mm LxPxH<\/strong><br \/>Peso: <strong>950 kg<\/strong><br \/>Alimentazione elettrica: <strong>3PH + N + PE<\/strong><br \/>Potenza installata: <strong>2,5 Kw<\/strong><br \/>Assorbimenti: <strong>6,5 A<\/strong><br \/>Aria compressa:<br \/>&#8211; alimentazione pneumatica: <strong>4 bar<\/strong><br \/>&#8211; consumo aria compressa: <strong>10 Nl<\/strong><br \/>Protezione elettrica: <strong>IP 55<\/strong><br \/>Temperatura di esercizio:<br \/><strong>Max + 50\u00b0C<\/strong><br \/><strong>Min -5\u00b0C<\/strong><\/p>\t\t\t\t\t\t\t\t<\/div>\n\t\t\t\t<\/div>\n\t\t\t\t<\/div>\n\t\t\t\t<\/div>\n\t\t<div class=\"elementor-element elementor-element-26073c18 e-con-full e-flex elementor-invisible e-con e-child\" data-id=\"26073c18\" data-element_type=\"container\" data-e-type=\"container\" data-settings=\"{&quot;animation&quot;:&quot;fadeIn&quot;}\">\n\t\t\t\t<div class=\"elementor-element elementor-element-51250594 elementor-widget elementor-widget-heading\" data-id=\"51250594\" data-element_type=\"widget\" data-e-type=\"widget\" data-widget_type=\"heading.default\">\n\t\t\t\t\t<h5 class=\"elementor-heading-title elementor-size-default\">pallettizzazione automatica<\/h5>\t\t\t\t<\/div>\n\t\t\t\t<div class=\"elementor-element elementor-element-72312e71 elementor-widget elementor-widget-heading\" data-id=\"72312e71\" data-element_type=\"widget\" data-e-type=\"widget\" data-widget_type=\"heading.default\">\n\t\t\t\t\t<h2 class=\"elementor-heading-title elementor-size-default\">MAXIBOX<\/h2>\t\t\t\t<\/div>\n\t\t\t\t<div class=\"elementor-element elementor-element-0a2e8dd elementor-widget__width-initial elementor-widget elementor-widget-text-editor\" data-id=\"0a2e8dd\" data-element_type=\"widget\" data-e-type=\"widget\" data-widget_type=\"text-editor.default\">\n\t\t\t\t\t\t\t\t\t<p>MAXIBOX \u00e8 la soluzione personalizzabile per la pallettizzazione automatica,<br \/>progettata da Sinercon Automation per realt\u00e0 produttive<br \/>con elevate esigenze di capacit\u00e0, produttivit\u00e0 e continuit\u00e0 operativa.<br \/>\u00c8 indicata per impianti ad alto rendimento, dove sono richieste<br \/>prestazioni elevate e affidabilit\u00e0 e una gestione efficiente dei flussi<br \/>produttivi.<\/p><p>Grazie alle dimensioni razionali e a una struttura ottimizzata, Maxibox<br \/>pu\u00f2 essere installata anche in ambienti con spazi controllati. La<br \/>sua conformazione consente la pallettizzazione di numerosi strati di<br \/>prodotto in contesti con altezze disponibili elevate, fino ad ambienti<br \/>industriali con soffitti di almeno 7 metri, per il massimo sfruttamento<br \/>verticale dello spazio.<\/p><p>Estremamente configurabile, Maxibox pu\u00f2<br \/>essere realizzata su misura e, in base agli accessori installati, pu\u00f2 operare<br \/>in modalit\u00e0 semi-automatica o automatica, per un funzionamento<br \/>continuo e stabile, senza interruzioni del flusso produttivo.<\/p><p>Maxibox \u00e8 un prodotto innovativo e flessibile, progettato per integrarsi<br \/>con differenti tipologie di linee di confezionamento e imballaggio.<br \/>L\u2019elevata produttivit\u00e0, unita alla modularit\u00e0 del sistema,<br \/>consente infatti di adattare la macchina alle molteplici configurazioni<br \/>richieste dal mercato e alle specifiche esigenze applicative del cliente.<\/p><p>La macchina, quindi, \u00e8 in grado di gestire pi\u00f9 linee di produzione<br \/>contemporaneamente, anche in layout complessi e ad alta intensit\u00e0<br \/>produttiva. Questo grazie anche all\u2019integrazione della postazione per<br \/>la gestione automatica delle interfalde e della catasta pallet vuoti.<\/p>\t\t\t\t\t\t\t\t<\/div>\n\t\t<div class=\"elementor-element elementor-element-12a68e91 e-flex e-con-boxed e-con e-child\" data-id=\"12a68e91\" data-element_type=\"container\" data-e-type=\"container\">\n\t\t\t\t\t<div class=\"e-con-inner\">\n\t\t\t\t<div class=\"elementor-element elementor-element-11085220 elementor-widget elementor-widget-button\" data-id=\"11085220\" data-element_type=\"widget\" data-e-type=\"widget\" data-widget_type=\"button.default\">\n\t\t\t\t\t\t\t\t\t\t<a class=\"elementor-button elementor-button-link elementor-size-sm\" href=\"#\">\n\t\t\t\t\t\t<span class=\"elementor-button-content-wrapper\">\n\t\t\t\t\t\t\t\t\t<span class=\"elementor-button-text\">richiedi informazioni<\/span>\n\t\t\t\t\t<\/span>\n\t\t\t\t\t<\/a>\n\t\t\t\t\t\t\t\t<\/div>\n\t\t\t\t\t<\/div>\n\t\t\t\t<\/div>\n\t\t\t\t<\/div>\n\t\t\t\t\t<\/div>\n\t\t\t\t<\/div>\n\t\t<div class=\"elementor-element elementor-element-62457f7b e-con-full e-flex e-con e-parent\" data-id=\"62457f7b\" data-element_type=\"container\" data-e-type=\"container\">\n\t\t<div class=\"elementor-element elementor-element-7f6ccdce e-con-full e-flex e-con e-child\" data-id=\"7f6ccdce\" data-element_type=\"container\" data-e-type=\"container\">\n\t\t<div class=\"elementor-element elementor-element-1226f04e e-flex e-con-boxed e-con e-child\" data-id=\"1226f04e\" data-element_type=\"container\" data-e-type=\"container\" data-settings=\"{&quot;background_background&quot;:&quot;classic&quot;}\">\n\t\t\t\t\t<div class=\"e-con-inner\">\n\t\t\t\t\t<\/div>\n\t\t\t\t<\/div>\n\t\t\t\t<\/div>\n\t\t<div class=\"elementor-element elementor-element-79909772 e-con-full e-flex e-con e-child\" data-id=\"79909772\" data-element_type=\"container\" data-e-type=\"container\">\n\t\t<div class=\"elementor-element elementor-element-11fa7bc0 e-con-full e-flex e-con e-child\" data-id=\"11fa7bc0\" data-element_type=\"container\" data-e-type=\"container\" data-settings=\"{&quot;background_background&quot;:&quot;classic&quot;}\">\n\t\t<div class=\"elementor-element elementor-element-53908974 e-flex e-con-boxed elementor-invisible e-con e-child\" data-id=\"53908974\" data-element_type=\"container\" data-e-type=\"container\" data-settings=\"{&quot;animation&quot;:&quot;fadeIn&quot;}\">\n\t\t\t\t\t<div class=\"e-con-inner\">\n\t\t\t\t<div class=\"elementor-element elementor-element-3601afb elementor-widget__width-initial elementor-widget elementor-widget-image\" data-id=\"3601afb\" data-element_type=\"widget\" data-e-type=\"widget\" data-widget_type=\"image.default\">\n\t\t\t\t\t\t\t\t\t\t\t\t\t\t\t<img loading=\"lazy\" decoding=\"async\" width=\"500\" height=\"500\" src=\"https:\/\/www.sinercon.eu\/wp-content\/uploads\/2026\/03\/S.png\" class=\"attachment-large size-large wp-image-1477\" alt=\"\" srcset=\"https:\/\/www.sinercon.eu\/wp-content\/uploads\/2026\/03\/S.png 500w, https:\/\/www.sinercon.eu\/wp-content\/uploads\/2026\/03\/S-300x300.png 300w, https:\/\/www.sinercon.eu\/wp-content\/uploads\/2026\/03\/S-150x150.png 150w\" sizes=\"(max-width: 500px) 100vw, 500px\" \/>\t\t\t\t\t\t\t\t\t\t\t\t\t\t\t<\/div>\n\t\t\t\t\t<\/div>\n\t\t\t\t<\/div>\n\t\t\t\t<\/div>\n\t\t<div class=\"elementor-element elementor-element-6893ca74 e-flex e-con-boxed e-con e-child\" data-id=\"6893ca74\" data-element_type=\"container\" data-e-type=\"container\" data-settings=\"{&quot;background_background&quot;:&quot;classic&quot;,&quot;background_motion_fx_motion_fx_scrolling&quot;:&quot;yes&quot;,&quot;background_motion_fx_scale_effect&quot;:&quot;yes&quot;,&quot;background_motion_fx_scale_speed&quot;:{&quot;unit&quot;:&quot;px&quot;,&quot;size&quot;:&quot;1&quot;,&quot;sizes&quot;:[]},&quot;background_motion_fx_devices&quot;:[&quot;desktop&quot;],&quot;background_motion_fx_scale_direction&quot;:&quot;out-in&quot;,&quot;background_motion_fx_scale_range&quot;:{&quot;unit&quot;:&quot;%&quot;,&quot;size&quot;:&quot;&quot;,&quot;sizes&quot;:{&quot;start&quot;:20,&quot;end&quot;:80}}}\">\n\t\t\t\t\t<div class=\"e-con-inner\">\n\t\t\t\t\t<\/div>\n\t\t\t\t<\/div>\n\t\t\t\t<\/div>\n\t\t\t\t<\/div>\n\t\t<div class=\"elementor-element elementor-element-7bd3ccd e-flex e-con-boxed e-con e-parent\" data-id=\"7bd3ccd\" data-element_type=\"container\" data-e-type=\"container\" data-settings=\"{&quot;background_background&quot;:&quot;classic&quot;,&quot;shape_divider_bottom&quot;:&quot;tilt&quot;}\">\n\t\t\t\t\t<div class=\"e-con-inner\">\n\t\t\t\t<div class=\"elementor-shape elementor-shape-bottom\" aria-hidden=\"true\" data-negative=\"false\">\n\t\t\t<svg xmlns=\"http:\/\/www.w3.org\/2000\/svg\" viewBox=\"0 0 1000 100\" preserveAspectRatio=\"none\">\n\t<path class=\"elementor-shape-fill\" d=\"M0,6V0h1000v100L0,6z\"\/>\n<\/svg>\t\t<\/div>\n\t\t<div class=\"elementor-element elementor-element-9b02993 e-con-full e-flex elementor-invisible e-con e-child\" data-id=\"9b02993\" data-element_type=\"container\" data-e-type=\"container\" data-settings=\"{&quot;animation&quot;:&quot;fadeInUp&quot;,&quot;animation_delay&quot;:200}\">\n\t\t\t\t<div class=\"elementor-element elementor-element-c1d622b elementor-widget elementor-widget-heading\" data-id=\"c1d622b\" data-element_type=\"widget\" data-e-type=\"widget\" data-widget_type=\"heading.default\">\n\t\t\t\t\t<h5 class=\"elementor-heading-title elementor-size-default\">contattaci<\/h5>\t\t\t\t<\/div>\n\t\t\t\t<div class=\"elementor-element elementor-element-4c1ffda elementor-widget__width-initial elementor-invisible elementor-widget elementor-widget-heading\" data-id=\"4c1ffda\" data-element_type=\"widget\" data-e-type=\"widget\" data-settings=\"{&quot;_animation&quot;:&quot;fadeInUp&quot;}\" data-widget_type=\"heading.default\">\n\t\t\t\t\t<h2 class=\"elementor-heading-title elementor-size-default\">Ottimizza il tuo sistema di trasporto e imballaggio<\/h2>\t\t\t\t<\/div>\n\t\t\t\t<div class=\"elementor-element elementor-element-0a2abef elementor-widget__width-initial elementor-widget elementor-widget-heading\" data-id=\"0a2abef\" data-element_type=\"widget\" data-e-type=\"widget\" data-widget_type=\"heading.default\">\n\t\t\t\t\t<p class=\"elementor-heading-title elementor-size-default\">Parlaci delle tue esigenze: analizziamo il tuo caso e ti proponiamo la soluzione pi\u00f9 efficiente.<\/p>\t\t\t\t<\/div>\n\t\t\t\t<\/div>\n\t\t<div class=\"elementor-element elementor-element-a56c8de e-con-full e-flex elementor-invisible e-con e-child\" data-id=\"a56c8de\" data-element_type=\"container\" data-e-type=\"container\" data-settings=\"{&quot;animation&quot;:&quot;fadeIn&quot;}\">\n\t\t\t\t<div class=\"elementor-element elementor-element-9d1a3a1 elementor-widget__width-initial elementor-button-align-stretch elementor-invisible elementor-widget elementor-widget-form\" data-id=\"9d1a3a1\" data-element_type=\"widget\" data-e-type=\"widget\" data-settings=\"{&quot;step_next_label&quot;:&quot;Next&quot;,&quot;step_previous_label&quot;:&quot;Previous&quot;,&quot;_animation&quot;:&quot;fadeInUp&quot;,&quot;_animation_delay&quot;:200,&quot;button_width&quot;:&quot;100&quot;,&quot;step_type&quot;:&quot;number_text&quot;,&quot;step_icon_shape&quot;:&quot;circle&quot;}\" data-widget_type=\"form.default\">\n\t\t\t\t\t\t\t<form class=\"elementor-form\" method=\"post\" name=\"Contact Form\" aria-label=\"Contact Form\">\n\t\t\t<input type=\"hidden\" name=\"post_id\" value=\"1355\"\/>\n\t\t\t<input type=\"hidden\" name=\"form_id\" value=\"9d1a3a1\"\/>\n\t\t\t<input type=\"hidden\" name=\"referer_title\" value=\"Maxibox\" \/>\n\n\t\t\t\t\t\t\t<input type=\"hidden\" name=\"queried_id\" value=\"1355\"\/>\n\t\t\t\n\t\t\t<div class=\"elementor-form-fields-wrapper elementor-labels-above\">\n\t\t\t\t\t\t\t\t<div class=\"elementor-field-type-text elementor-field-group elementor-column elementor-field-group-name elementor-col-50 elementor-field-required\">\n\t\t\t\t\t\t\t\t\t\t\t\t<label for=\"form-field-name\" class=\"elementor-field-label\">\n\t\t\t\t\t\t\t\tNome\t\t\t\t\t\t\t<\/label>\n\t\t\t\t\t\t\t\t\t\t\t\t\t\t<input size=\"1\" type=\"text\" name=\"form_fields[name]\" id=\"form-field-name\" class=\"elementor-field elementor-size-sm  elementor-field-textual\" placeholder=\"Nome\" required=\"required\">\n\t\t\t\t\t\t\t\t\t\t\t<\/div>\n\t\t\t\t\t\t\t\t<div class=\"elementor-field-type-text elementor-field-group elementor-column elementor-field-group-field_d4bae8d elementor-col-50 elementor-field-required\">\n\t\t\t\t\t\t\t\t\t\t\t\t<label for=\"form-field-field_d4bae8d\" class=\"elementor-field-label\">\n\t\t\t\t\t\t\t\tCognome\t\t\t\t\t\t\t<\/label>\n\t\t\t\t\t\t\t\t\t\t\t\t\t\t<input size=\"1\" type=\"text\" name=\"form_fields[field_d4bae8d]\" id=\"form-field-field_d4bae8d\" class=\"elementor-field elementor-size-sm  elementor-field-textual\" placeholder=\"Cognome\" required=\"required\">\n\t\t\t\t\t\t\t\t\t\t\t<\/div>\n\t\t\t\t\t\t\t\t<div class=\"elementor-field-type-email elementor-field-group elementor-column elementor-field-group-email elementor-col-100 elementor-field-required\">\n\t\t\t\t\t\t\t\t\t\t\t\t<label for=\"form-field-email\" class=\"elementor-field-label\">\n\t\t\t\t\t\t\t\tEmail\t\t\t\t\t\t\t<\/label>\n\t\t\t\t\t\t\t\t\t\t\t\t\t\t<input size=\"1\" type=\"email\" name=\"form_fields[email]\" id=\"form-field-email\" class=\"elementor-field elementor-size-sm  elementor-field-textual\" placeholder=\"Email\" required=\"required\">\n\t\t\t\t\t\t\t\t\t\t\t<\/div>\n\t\t\t\t\t\t\t\t<div class=\"elementor-field-type-textarea elementor-field-group elementor-column elementor-field-group-message elementor-col-100\">\n\t\t\t\t\t\t\t\t\t\t\t\t<label for=\"form-field-message\" class=\"elementor-field-label\">\n\t\t\t\t\t\t\t\tMessaggio\t\t\t\t\t\t\t<\/label>\n\t\t\t\t\t\t<textarea class=\"elementor-field-textual elementor-field  elementor-size-sm\" name=\"form_fields[message]\" id=\"form-field-message\" rows=\"4\" placeholder=\"Messaggio\"><\/textarea>\t\t\t\t<\/div>\n\t\t\t\t\t\t\t\t<div class=\"elementor-field-group elementor-column elementor-field-type-submit elementor-col-100 e-form__buttons\">\n\t\t\t\t\t<button class=\"elementor-button elementor-size-md elementor-animation-shrink\" type=\"submit\">\n\t\t\t\t\t\t<span class=\"elementor-button-content-wrapper\">\n\t\t\t\t\t\t\t\t\t\t\t\t\t\t\t\t\t\t\t\t\t\t<span class=\"elementor-button-text\">INVIA MESSAGGIO<\/span>\n\t\t\t\t\t\t\t\t\t\t\t\t\t<\/span>\n\t\t\t\t\t<\/button>\n\t\t\t\t<\/div>\n\t\t\t<\/div>\n\t\t<\/form>\n\t\t\t\t\t\t<\/div>\n\t\t\t\t<\/div>\n\t\t\t\t\t<\/div>\n\t\t\t\t<\/div>\n\t\t\t\t<\/div>\n\t\t","protected":false},"excerpt":{"rendered":"<p>Maxibox Soluzioni di pallettizzazione modulari e versatili, ideali per una vasta gamma di prodotti, con prestazioni elevate e integrazione perfetta nei sistemi produttivi. CONFIGURAZIONE: Corpo macchina monoblocco Magazzino intercalari: max 32 pezzi Nastro di raccolta PRESTAZIONI: Produttivit\u00e0 massima: 60.000 uova all\u2019ora Rendimento: 98% PRESTAZIONI: Dimensioni: 1950x2750x2600 mm LxPxHPeso: 950 kgAlimentazione elettrica: 3PH + N + [&hellip;]<\/p>\n","protected":false},"author":1,"featured_media":0,"parent":1241,"menu_order":0,"comment_status":"closed","ping_status":"closed","template":"","meta":{"footnotes":""},"class_list":["post-1355","page","type-page","status-publish","hentry"],"_links":{"self":[{"href":"https:\/\/www.sinercon.eu\/index.php\/wp-json\/wp\/v2\/pages\/1355","targetHints":{"allow":["GET"]}}],"collection":[{"href":"https:\/\/www.sinercon.eu\/index.php\/wp-json\/wp\/v2\/pages"}],"about":[{"href":"https:\/\/www.sinercon.eu\/index.php\/wp-json\/wp\/v2\/types\/page"}],"author":[{"embeddable":true,"href":"https:\/\/www.sinercon.eu\/index.php\/wp-json\/wp\/v2\/users\/1"}],"replies":[{"embeddable":true,"href":"https:\/\/www.sinercon.eu\/index.php\/wp-json\/wp\/v2\/comments?post=1355"}],"version-history":[{"count":49,"href":"https:\/\/www.sinercon.eu\/index.php\/wp-json\/wp\/v2\/pages\/1355\/revisions"}],"predecessor-version":[{"id":2696,"href":"https:\/\/www.sinercon.eu\/index.php\/wp-json\/wp\/v2\/pages\/1355\/revisions\/2696"}],"up":[{"embeddable":true,"href":"https:\/\/www.sinercon.eu\/index.php\/wp-json\/wp\/v2\/pages\/1241"}],"wp:attachment":[{"href":"https:\/\/www.sinercon.eu\/index.php\/wp-json\/wp\/v2\/media?parent=1355"}],"curies":[{"name":"wp","href":"https:\/\/api.w.org\/{rel}","templated":true}]}}